{"id":208,"date":"2021-10-03T17:39:29","date_gmt":"2021-10-03T15:39:29","guid":{"rendered":"https:\/\/www.gaestezimmer-os.de\/?page_id=208"},"modified":"2025-12-27T19:01:15","modified_gmt":"2025-12-27T18:01:15","slug":"agbs","status":"publish","type":"page","link":"https:\/\/www.gaestezimmer-os.de\/?page_id=208","title":{"rendered":"AGB"},"content":{"rendered":"\n<p class=\"has-text-align-center\"><strong>Allgemeine Gesch\u00e4ftsbedingungen\/Datenschutz<\/strong><\/p>\n\n\n\n<p class=\"has-text-align-center\"><strong><em>Das G\u00e4stezimmer in Osnabr\u00fcck<\/em><\/strong><\/p>\n\n\n\n<p class=\"has-text-align-center\">H.-P. Scholten<\/p>\n\n\n\n<p class=\"has-text-align-center\">Mindener Stra\u00dfe 181 + 181 B<\/p>\n\n\n\n<p class=\"has-text-align-center\">49084 Osnabr\u00fcck<\/p>\n\n\n\n<p class=\"has-text-align-center\"><a href=\"mailto:info@gaestezimmer-os.de\">info@gaestezimmer-os.de<\/a><\/p>\n\n\n\n<p class=\"has-text-align-center\">+49 1573 153 0584<\/p>\n\n\n\n<p><strong>Liebe G\u00e4ste,<br><\/strong>die nachfolgenden allgemeinen Gesch\u00e4ftsbedingungen (AGB) regeln das Vertragsverh\u00e4ltnis und den Datenschutz &nbsp;zwischen Ihnen und uns. Bitte beachten Sie, dass Sie dies mit Ihrer Buchung anerkennen.<strong><br><\/strong><\/p>\n\n\n\n<p><strong>\u00a71 Abschluss des Vertrages<\/strong><\/p>\n\n\n\n<ol class=\"wp-block-list\" type=\"1\"><li>Der Vertrag gilt als verbindlich abgeschlossen, wenn das\/die G\u00e4stezimmer bestellt und zugesagt oder kurzfristig bereitgestellt werden.<\/li><li>Die Buchung im Voraus kann m\u00fcndlich oder schriftlich (auch per Email) erfolgen. Als vereinbart gilt, was auf der Reservierungsbest\u00e4tigung festgehalten wurde. Diese wird, sofern zeitlich m\u00f6glich, in schriftlicher Form (vorzugsweise per Email) dem Gast zugesandt.<\/li><li>Der buchende Gast haftet als Auftraggeber f\u00fcr alle Verpflichtungen aus diesem Vertrag gesamtschuldnerisch.<\/li><\/ol>\n\n\n\n<p><strong>\u00a72 Leistungen, Preise und Bezahlung<\/strong><\/p>\n\n\n\n<ol class=\"wp-block-list\" type=\"1\"><li>Der Vermieter verpflichtet sich, das vom Gast gebuchte G\u00e4stezimmer bereitzuhalten und die vereinbarte Leistung zu erbringen. Die Nichtbereitstellung des gebuchten G\u00e4stezimmers begr\u00fcndet einen Schadensersatzanspruch gegen\u00fcber dem Vermieter.<\/li><li>Die vereinbarten Preise schlie\u00dfen alle verbrauchsabh\u00e4ngigen Nebenkosten ein.<\/li><li>Mit Abschluss des Vertrages wird eine Vorauszahlung in H\u00f6he des vereinbarten Preises verlangt werden. Die Aufforderung erfolgt ggf. auf der Reservierungsbest\u00e4tigung. Erfolgt die Gutschrift auf dem Konto des Vermieters nicht innerhalb von 14 Tagen nach Versand der Reservierungsbest\u00e4tigung, ist der Vermieter berechtigt vom Vertrag zur\u00fcckzutreten (siehe \u00a75.1).<\/li><li>Sofern zwischen den Vertragspartnern keine anders lautende schriftliche Vereinbarung getroffen wurde, erfolgt die Zahlung des Restbetrags (bei kurzfristiger Anmietung des Gesamtbetrags) in bar bei Anreise.<\/li><li>Sofern eine Vereinbarung \u00fcber Bezahlung gegen Rechnung getroffen wurde, hat der buchende Gast die Rechnung sp\u00e4testens nach 8 Tagen ab Rechnungsdatum zu begleichen.<\/li><li>Bei Miete von mehreren Monaten ist die Miete des Folgemonates eine Woche vor Beginn des Folgemonates zu bezahlen. Geht die Miete nicht p\u00fcnktlich ein, kann das Mietverh\u00e4ltnis unter Einbehaltung der Kaution fristlos beendet werden.<\/li><\/ol>\n\n\n\n<p><strong>\u00a73 An- und Abreise<\/strong><\/p>\n\n\n\n<ol class=\"wp-block-list\" type=\"1\"><li>Sofern zwischen den Vertragspartnern keine anders lautende schriftliche Vereinbarung getroffen wurde, steht das\/die G\u00e4stezimmer dem Gast am vereinbarten Anreisetag ab 15:00 Uhr zur Verf\u00fcgung. Das\/Die G\u00e4stezimmer muss bis sp\u00e4testens 19 Uhr, oder nach Absprache bezogen werden. Wird das G\u00e4stezimmer nicht zur vereinbarten Zeit bezogen, kann das G\u00e4stezimmer ohne weitere R\u00fccksprache anderweitig vermietet werden. Eine R\u00fcckzahlung der bereits geleisteten Vorauszahlung ist nicht m\u00f6glich (siehe \u00a74).&nbsp;<\/li><li>Die Belegung der Wohnung kann nur durch die angemeldeten Personen erfolgen. Bei Ankunft wird ggf. um Vorlage des Personalausweises gebeten.<\/li><li>Am vereinbarten Abreisetag muss die R\u00fcckgabe des G\u00e4stezimmers bis sp\u00e4testens 11:00 Uhr erfolgen. F\u00fcr die zus\u00e4tzliche Nutzung des G\u00e4stezimmer wird zus\u00e4tzlich der halbe, nach 18:00 Uhr der volle Preis eines Folgetages, abh\u00e4ngig von der Anzahl der gebuchten Personen, f\u00e4llig.<\/li><\/ol>\n\n\n\n<p><strong>\u00a74 R\u00fccktritt des Gastes (Stornierung)<\/strong><\/p>\n\n\n\n<ol class=\"wp-block-list\" type=\"1\"><li>Jeglicher R\u00fccktritt muss in schriftlicher Form erfolgen.<\/li><li>Bei einem R\u00fccktritt des Gastes vor Vertragsbeginn werden dem Gast folgende Stornierungsgeb\u00fchren in Rechnung gestellt:<\/li><li>ab 4 Wochen vor Vertragsbeginn 25% des vereinbarten Preises<\/li><li>ab 2 Wochen vor Vertragsbeginn 50% des vereinbarten Preises<\/li><li>ab 1 Woche &nbsp;vor &nbsp;Vertragsbeginn 75% des vereinbarten Preises<\/li><li>Bei Nichtantritt ohne Mitteilung 100% des vereinbarten Preises<\/li><li>Als Berechnungsgrundlage des Zeitraums gilt der Tag, an dem der R\u00fccktritt beim Vermieter eingegangen ist. Zur Vermeidung von Stornogeb\u00fchren empfiehlt sich der Abschluss einer Reiser\u00fccktrittsversicherung.<\/li><\/ol>\n\n\n\n<p><strong>\u00a75 R\u00fccktritt des Vermieters<\/strong><\/p>\n\n\n\n<ol class=\"wp-block-list\" type=\"1\"><li>Wird eine vereinbarte Vorauszahlung nicht innerhalb der in \u00a72.3 genannten Frist geleistet, so ist der Vermieter zum R\u00fccktritt vom Vertrag berechtigt.<\/li><li>Ferner ist der Vermieter berechtigt, aus sachlich gerechtfertigtem Grund vom Vertrag au\u00dferordentlich zur\u00fcckzutreten, beispielsweise falls:<\/li><li>h\u00f6here Gewalt oder vom Vermieter nicht zu vertretende Umst\u00e4nde die Erf\u00fcllung des Vertrages unm\u00f6glich machen.<\/li><li>Zimmer unter irref\u00fchrenden oder falschen Angaben wesentlicher Tatsachen (z.B. der Person des Kunden oder des Zweckes) gebucht werden.<\/li><li>Der Vermieter hat den Gast von der Aus\u00fcbung des R\u00fccktrittsrechts unverz\u00fcglich in Kenntnis zu setzen, sollten sich oben genannte Tatsachen anbahnen.<\/li><li>Bei berechtigtem R\u00fccktritt des Vermieters entsteht kein Anspruch des Kunden auf Schadenersatz. Eine hier ggf. geleistete Vorauszahlung wird dem buchenden Gast unverzinst zur\u00fcckerstattet.<\/li><\/ol>\n\n\n\n<p><strong>\u00a76 Haftung<\/strong><\/p>\n\n\n\n<ol class=\"wp-block-list\" type=\"1\"><li>Der Vermieter haftet f\u00fcr die ordnungsgem\u00e4\u00dfe Erbringung der vertraglich vereinbarten Leistungen.<\/li><li>F\u00fcr eingebrachte Sachen haftet der Vermieter nicht.<\/li><li>Der Gast ist verpflichtet, einen von ihm verursachten Schaden bei Kenntnisnahme unverz\u00fcglich dem Vermieter oder dessen Beauftragten zu melden und den Schaden so gering wie m\u00f6glich zu halten.<\/li><li>F\u00fcr einen durch eigenes Verschulden entstandenen Schaden haftet der Gast zu 100%.<\/li><li>Eltern sind dazu verpflichtet, Ihrer Aufsichtspflicht gegen\u00fcber Ihren Kindern nachzukommen.<\/li><\/ol>\n\n\n\n<p><strong>\u00a77 Hausordnung, allgem. Pflichten der G\u00e4ste<\/strong><\/p>\n\n\n\n<ol class=\"wp-block-list\" type=\"1\"><li>Der Gast hat das ihm \u00fcberlassene G\u00e4stezimmer und dessen Inventar pfleglich zu behandeln. Der Gast ist zur Einhaltung der Hausordnung verpflichtet. Von 22.00 Uhr bis 7.00 Uhr gilt die Nachtruhe. In dieser Zeit ist besondere R\u00fccksichtnahme auf die Nachbarn, auch in den Hauseing\u00e4ngen und Treppenh\u00e4usern geboten. Um eine St\u00f6rung zu vermeiden, sind TV- und Audioger\u00e4te auf Zimmerlautst\u00e4rke einzustellen.<\/li><li>F\u00fcr die Dauer der \u00dcberlassung des G\u00e4stezimmers ist der Gast verpflichtet, bei Verlassen des G\u00e4stezimmers Fenster und T\u00fcren geschlossen zu halten, s\u00e4mtliche Heizk\u00f6rper auf niedrige Stufe zu regeln sowie Licht und technische Ger\u00e4te auszuschalten.<\/li><li>Die Unterbringung von Tieren jedweder Art ist in den G\u00e4stezimmern nicht erlaubt. Werden Tiere in den G\u00e4stezimmern untergebracht, wird eine Reinigungspauschale in H\u00f6he von 200,00 \u20ac (netto) in Rechnung gestellt.<\/li><li><strong>In den G\u00e4stezimmern und allen angeschlossenen R\u00e4umen gilt ein absolutes Rauchverbot. Bei Zuwiderhandlungen wird eine Reinigungspauschale in H\u00f6he von 200,00 \u20ac (netto) in Rechnung gestellt.&nbsp;<\/strong><\/li><li>Die Internetnutzung ist gestattet, soweit diese nicht gegen die gesetzlichen Bestimmungen verst\u00f6\u00dft. Strafbare Handlungen (insbesondere widerrechtliche Downloads, Seitenaufrufe, usw.) werden zur Anzeige gebracht und strafrechtlich verfolgt. F\u00fcr eine widerrechtliche Nutzung des Internets haftet allein der Gast.<\/li><li>Das Parken von Kraftfahrzeugen auf den hierf\u00fcr zugewiesenen Hoffl\u00e4chen geschieht auf eigene Gefahr. Bei Abhandenkommen oder Besch\u00e4digung auf dem Grundst\u00fcck abgestellter oder rangierter Kraftfahrzeuge und deren Inhalte haftet der Vermieter nicht.<\/li><\/ol>\n\n\n\n<p><strong>\u00a7 8 Datenschutz<\/strong><\/p>\n\n\n\n<ol class=\"wp-block-list\" type=\"1\"><li>Wir speichern ihre Daten nicht elektronisch. G\u00e4stedaten werden nur in Papierform f\u00fcr die fiskal. Abrechnung 10 Jahre aufbewahrt. (gesetzl. Aufbewahrungsfrist)<\/li><li>G\u00e4steanfragen und Email-Schriftverkehr wird min. j\u00e4hrlich gel\u00f6scht.<\/li><li>Auf die Daten kann nur H.-P. Scholten zugreifen.<\/li><li>Verantwortlich i.S.d. DSGVO ist H.-P. Scholten. (s.o.)<\/li><\/ol>\n\n\n\n<p><strong>\u00a79 Schlussbestimmungen<\/strong><\/p>\n\n\n\n<ol class=\"wp-block-list\" type=\"1\"><li>\u00c4nderungen oder Erg\u00e4nzungen des Vertrages, der Reservierungsbest\u00e4tigung oder dieser Gesch\u00e4ftsbedingungen m\u00fcssen schriftlich erfolgen. Einseitige \u00c4nderungen oder Erg\u00e4nzungen durch den Gast sind unwirksam.<\/li><li>Gerichtsstand ist Osnabr\u00fcck.<\/li><li>Es gilt deutsches Recht.<\/li><li>Sollten einzelne Bestimmungen dieser Allgemeinen Gesch\u00e4ftsbedingungen unwirksam oder nichtig sein oder werden, so wird dadurch die Wirksamkeit der \u00fcbrigen Bestimmungen nicht ber\u00fchrt.<\/li><\/ol>\n\n\n\n<p>Osnabr\u00fcck, im Januar 2026<\/p>\n","protected":false},"excerpt":{"rendered":"<p>Allgemeine Gesch\u00e4ftsbedingungen\/Datenschutz Das G\u00e4stezimmer in Osnabr\u00fcck H.-P. Scholten Mindener Stra\u00dfe 181 + 181 B 49084 Osnabr\u00fcck info@gaestezimmer-os.de +49 1573 153 0584 Liebe G\u00e4ste,die nachfolgenden allgemeinen Gesch\u00e4ftsbedingungen (AGB) regeln das Vertragsverh\u00e4ltnis und den Datenschutz &nbsp;zwischen Ihnen und uns. Bitte beachten Sie, dass Sie dies mit Ihrer Buchung anerkennen. \u00a71 Abschluss des Vertrages Der Vertrag gilt als [&hellip;]<\/p>\n","protected":false},"author":1,"featured_media":0,"parent":0,"menu_order":0,"comment_status":"closed","ping_status":"closed","template":"","meta":{"ngg_post_thumbnail":0,"footnotes":""},"class_list":["post-208","page","type-page","status-publish","hentry"],"_links":{"self":[{"href":"https:\/\/www.gaestezimmer-os.de\/index.php?rest_route=\/wp\/v2\/pages\/208","targetHints":{"allow":["GET"]}}],"collection":[{"href":"https:\/\/www.gaestezimmer-os.de\/index.php?rest_route=\/wp\/v2\/pages"}],"about":[{"href":"https:\/\/www.gaestezimmer-os.de\/index.php?rest_route=\/wp\/v2\/types\/page"}],"author":[{"embeddable":true,"href":"https:\/\/www.gaestezimmer-os.de\/index.php?rest_route=\/wp\/v2\/users\/1"}],"replies":[{"embeddable":true,"href":"https:\/\/www.gaestezimmer-os.de\/index.php?rest_route=%2Fwp%2Fv2%2Fcomments&post=208"}],"version-history":[{"count":6,"href":"https:\/\/www.gaestezimmer-os.de\/index.php?rest_route=\/wp\/v2\/pages\/208\/revisions"}],"predecessor-version":[{"id":355,"href":"https:\/\/www.gaestezimmer-os.de\/index.php?rest_route=\/wp\/v2\/pages\/208\/revisions\/355"}],"wp:attachment":[{"href":"https:\/\/www.gaestezimmer-os.de\/index.php?rest_route=%2Fwp%2Fv2%2Fmedia&parent=208"}],"curies":[{"name":"wp","href":"https:\/\/api.w.org\/{rel}","templated":true}]}}